{"id":9,"date":"2026-03-26T14:34:43","date_gmt":"2026-03-26T14:34:43","guid":{"rendered":"https:\/\/sorterealenatotal.grupototal.far.br\/?page_id=9"},"modified":"2026-04-02T13:44:23","modified_gmt":"2026-04-02T13:44:23","slug":"home","status":"publish","type":"page","link":"https:\/\/sorterealenatotal.grupototal.far.br\/","title":{"rendered":"Home"},"content":{"rendered":"\t\t<div data-elementor-type=\"wp-page\" data-elementor-id=\"9\" class=\"elementor elementor-9\" data-elementor-post-type=\"page\">\n\t\t\t\t<div class=\"elementor-element elementor-element-560027e elementor-hidden-desktop elementor-hidden-tablet e-flex e-con-boxed e-con e-parent\" data-id=\"560027e\" data-element_type=\"container\" data-e-type=\"container\" data-settings=\"{&quot;background_background&quot;:&quot;classic&quot;}\">\n\t\t\t\t\t<div class=\"e-con-inner\">\n\t\t<div class=\"elementor-element elementor-element-e46cc80 e-con-full e-flex e-con e-child\" data-id=\"e46cc80\" data-element_type=\"container\" data-e-type=\"container\">\n\t\t\t\t<div class=\"elementor-element elementor-element-5ff8559 elementor-widget elementor-widget-image\" data-id=\"5ff8559\" data-element_type=\"widget\" data-e-type=\"widget\" data-widget_type=\"image.default\">\n\t\t\t\t\t\t\t\t\t\t\t\t\t\t\t<img fetchpriority=\"high\" decoding=\"async\" width=\"1080\" height=\"1920\" src=\"https:\/\/sorterealenatotal.grupototal.far.br\/wp-content\/uploads\/2026\/03\/432423423423.png\" class=\"attachment-full size-full wp-image-124\" alt=\"\" srcset=\"https:\/\/sorterealenatotal.grupototal.far.br\/wp-content\/uploads\/2026\/03\/432423423423.png 1080w, https:\/\/sorterealenatotal.grupototal.far.br\/wp-content\/uploads\/2026\/03\/432423423423-169x300.png 169w, https:\/\/sorterealenatotal.grupototal.far.br\/wp-content\/uploads\/2026\/03\/432423423423-576x1024.png 576w, https:\/\/sorterealenatotal.grupototal.far.br\/wp-content\/uploads\/2026\/03\/432423423423-768x1365.png 768w, https:\/\/sorterealenatotal.grupototal.far.br\/wp-content\/uploads\/2026\/03\/432423423423-864x1536.png 864w\" sizes=\"(max-width: 1080px) 100vw, 1080px\" \/>\t\t\t\t\t\t\t\t\t\t\t\t\t\t\t<\/div>\n\t\t\t\t<\/div>\n\t\t\t\t\t<\/div>\n\t\t\t\t<\/div>\n\t\t<div class=\"elementor-element elementor-element-8199349 elementor-hidden-mobile e-flex e-con-boxed e-con e-parent\" data-id=\"8199349\" data-element_type=\"container\" data-e-type=\"container\" data-settings=\"{&quot;background_background&quot;:&quot;classic&quot;}\">\n\t\t\t\t\t<div class=\"e-con-inner\">\n\t\t<div class=\"elementor-element elementor-element-813c338 e-con-full e-flex e-con e-child\" data-id=\"813c338\" data-element_type=\"container\" data-e-type=\"container\">\n\t\t\t\t<div class=\"elementor-element elementor-element-f1b4102 elementor-widget elementor-widget-image\" data-id=\"f1b4102\" data-element_type=\"widget\" data-e-type=\"widget\" data-settings=\"{&quot;motion_fx_motion_fx_mouse&quot;:&quot;yes&quot;,&quot;motion_fx_mouseTrack_effect&quot;:&quot;yes&quot;,&quot;motion_fx_mouseTrack_speed&quot;:{&quot;unit&quot;:&quot;px&quot;,&quot;size&quot;:1,&quot;sizes&quot;:[]}}\" data-widget_type=\"image.default\">\n\t\t\t\t\t\t\t\t\t\t\t\t\t\t\t<img decoding=\"async\" width=\"1245\" height=\"830\" src=\"https:\/\/sorterealenatotal.grupototal.far.br\/wp-content\/uploads\/2026\/03\/432423423423423-e1774537052871.png\" class=\"attachment-full size-full wp-image-14\" alt=\"\" srcset=\"https:\/\/sorterealenatotal.grupototal.far.br\/wp-content\/uploads\/2026\/03\/432423423423423-e1774537052871.png 1245w, https:\/\/sorterealenatotal.grupototal.far.br\/wp-content\/uploads\/2026\/03\/432423423423423-e1774537052871-300x200.png 300w, https:\/\/sorterealenatotal.grupototal.far.br\/wp-content\/uploads\/2026\/03\/432423423423423-e1774537052871-1024x683.png 1024w, https:\/\/sorterealenatotal.grupototal.far.br\/wp-content\/uploads\/2026\/03\/432423423423423-e1774537052871-768x512.png 768w\" sizes=\"(max-width: 1245px) 100vw, 1245px\" \/>\t\t\t\t\t\t\t\t\t\t\t\t\t\t\t<\/div>\n\t\t\t\t<\/div>\n\t\t\t\t\t<\/div>\n\t\t\t\t<\/div>\n\t\t<div class=\"elementor-element elementor-element-c8f385c e-flex e-con-boxed e-con e-parent\" data-id=\"c8f385c\" data-element_type=\"container\" data-e-type=\"container\">\n\t\t\t\t\t<div class=\"e-con-inner\">\n\t\t\t\t<div class=\"elementor-element elementor-element-f26cc7d elementor-widget elementor-widget-text-editor\" data-id=\"f26cc7d\" data-element_type=\"widget\" data-e-type=\"widget\" data-widget_type=\"text-editor.default\">\n\t\t\t\t\t\t\t\t\t<p>PROMO\u00c7\u00c3O V\u00c1LIDA DE 01\/04\/2026 A 31\/05\/2026 PARA COMPRAS NO FIDELIDADE e conv\u00eanio farm\u00e1cia total. (EXCETO MEDICAMENTOS E PRODUTOS ALIMENT\u00cdCIOS VOLTADOS PARA LACTENTES E CRIAN\u00c7AS DE PRIMEIRA INF\u00c2NCIA). CONSULTE O REGULAMENTO COMPLETO NO SITE HTTPS:\/\/GRUPOTOTAL.FAR.BR. CERTIFICA O DE AUTORIZA\u00c7\u00c3O SPA\/ME N\u00ba 04.048406\/2026.<\/p>\t\t\t\t\t\t\t\t<\/div>\n\t\t\t\t\t<\/div>\n\t\t\t\t<\/div>\n\t\t<div class=\"elementor-element elementor-element-fab21b7 elementor-hidden-mobile e-flex e-con-boxed e-con e-parent\" data-id=\"fab21b7\" data-element_type=\"container\" data-e-type=\"container\" data-settings=\"{&quot;position&quot;:&quot;absolute&quot;}\">\n\t\t\t\t\t<div class=\"e-con-inner\">\n\t\t\t\t<div class=\"elementor-element elementor-element-a18b340 elementor-widget__width-initial elementor-absolute elementor-widget elementor-widget-image\" data-id=\"a18b340\" data-element_type=\"widget\" data-e-type=\"widget\" data-settings=\"{&quot;_position&quot;:&quot;absolute&quot;,&quot;motion_fx_motion_fx_mouse&quot;:&quot;yes&quot;,&quot;motion_fx_mouseTrack_effect&quot;:&quot;yes&quot;,&quot;motion_fx_mouseTrack_direction&quot;:&quot;negative&quot;,&quot;motion_fx_mouseTrack_speed&quot;:{&quot;unit&quot;:&quot;px&quot;,&quot;size&quot;:1,&quot;sizes&quot;:[]}}\" data-widget_type=\"image.default\">\n\t\t\t\t\t\t\t\t\t\t\t\t\t\t\t<img decoding=\"async\" width=\"800\" height=\"450\" src=\"https:\/\/sorterealenatotal.grupototal.far.br\/wp-content\/uploads\/2026\/03\/42342342345346-1024x576.png\" class=\"attachment-large size-large wp-image-40\" alt=\"\" srcset=\"https:\/\/sorterealenatotal.grupototal.far.br\/wp-content\/uploads\/2026\/03\/42342342345346-1024x576.png 1024w, https:\/\/sorterealenatotal.grupototal.far.br\/wp-content\/uploads\/2026\/03\/42342342345346-300x169.png 300w, https:\/\/sorterealenatotal.grupototal.far.br\/wp-content\/uploads\/2026\/03\/42342342345346-768x432.png 768w, https:\/\/sorterealenatotal.grupototal.far.br\/wp-content\/uploads\/2026\/03\/42342342345346-1536x864.png 1536w, https:\/\/sorterealenatotal.grupototal.far.br\/wp-content\/uploads\/2026\/03\/42342342345346.png 1920w\" sizes=\"(max-width: 800px) 100vw, 800px\" \/>\t\t\t\t\t\t\t\t\t\t\t\t\t\t\t<\/div>\n\t\t\t\t\t<\/div>\n\t\t\t\t<\/div>\n\t\t<div class=\"elementor-element elementor-element-3a352ff elementor-hidden-mobile e-flex e-con-boxed e-con e-parent\" data-id=\"3a352ff\" data-element_type=\"container\" data-e-type=\"container\" data-settings=\"{&quot;position&quot;:&quot;absolute&quot;}\">\n\t\t\t\t\t<div class=\"e-con-inner\">\n\t\t\t\t<div class=\"elementor-element elementor-element-7fb9935 elementor-widget__width-initial elementor-absolute elementor-widget elementor-widget-image\" data-id=\"7fb9935\" data-element_type=\"widget\" data-e-type=\"widget\" data-settings=\"{&quot;_position&quot;:&quot;absolute&quot;,&quot;motion_fx_motion_fx_mouse&quot;:&quot;yes&quot;,&quot;motion_fx_mouseTrack_effect&quot;:&quot;yes&quot;,&quot;motion_fx_mouseTrack_speed&quot;:{&quot;unit&quot;:&quot;px&quot;,&quot;size&quot;:1,&quot;sizes&quot;:[]}}\" data-widget_type=\"image.default\">\n\t\t\t\t\t\t\t\t\t\t\t\t\t\t\t<img loading=\"lazy\" decoding=\"async\" width=\"800\" height=\"450\" src=\"https:\/\/sorterealenatotal.grupototal.far.br\/wp-content\/uploads\/2026\/03\/34532453253455-1024x576.png\" class=\"attachment-large size-large wp-image-24\" alt=\"\" srcset=\"https:\/\/sorterealenatotal.grupototal.far.br\/wp-content\/uploads\/2026\/03\/34532453253455-1024x576.png 1024w, https:\/\/sorterealenatotal.grupototal.far.br\/wp-content\/uploads\/2026\/03\/34532453253455-300x169.png 300w, https:\/\/sorterealenatotal.grupototal.far.br\/wp-content\/uploads\/2026\/03\/34532453253455-768x432.png 768w, https:\/\/sorterealenatotal.grupototal.far.br\/wp-content\/uploads\/2026\/03\/34532453253455-1536x864.png 1536w, https:\/\/sorterealenatotal.grupototal.far.br\/wp-content\/uploads\/2026\/03\/34532453253455.png 1920w\" sizes=\"(max-width: 800px) 100vw, 800px\" \/>\t\t\t\t\t\t\t\t\t\t\t\t\t\t\t<\/div>\n\t\t\t\t\t<\/div>\n\t\t\t\t<\/div>\n\t\t<div class=\"elementor-element elementor-element-65e9bcd elementor-hidden-mobile e-flex e-con-boxed e-con e-parent\" data-id=\"65e9bcd\" data-element_type=\"container\" data-e-type=\"container\" data-settings=\"{&quot;position&quot;:&quot;absolute&quot;}\">\n\t\t\t\t\t<div class=\"e-con-inner\">\n\t\t\t\t<div class=\"elementor-element elementor-element-47e7781 elementor-widget__width-initial elementor-absolute elementor-widget elementor-widget-image\" data-id=\"47e7781\" data-element_type=\"widget\" data-e-type=\"widget\" data-settings=\"{&quot;_position&quot;:&quot;absolute&quot;,&quot;motion_fx_motion_fx_mouse&quot;:&quot;yes&quot;,&quot;motion_fx_mouseTrack_effect&quot;:&quot;yes&quot;,&quot;motion_fx_mouseTrack_direction&quot;:&quot;negative&quot;,&quot;motion_fx_mouseTrack_speed&quot;:{&quot;unit&quot;:&quot;px&quot;,&quot;size&quot;:1,&quot;sizes&quot;:[]}}\" data-widget_type=\"image.default\">\n\t\t\t\t\t\t\t\t\t\t\t\t\t\t\t<img loading=\"lazy\" decoding=\"async\" width=\"800\" height=\"450\" src=\"https:\/\/sorterealenatotal.grupototal.far.br\/wp-content\/uploads\/2026\/03\/42342343242-1024x576.png\" class=\"attachment-large size-large wp-image-23\" alt=\"\" srcset=\"https:\/\/sorterealenatotal.grupototal.far.br\/wp-content\/uploads\/2026\/03\/42342343242-1024x576.png 1024w, https:\/\/sorterealenatotal.grupototal.far.br\/wp-content\/uploads\/2026\/03\/42342343242-300x169.png 300w, https:\/\/sorterealenatotal.grupototal.far.br\/wp-content\/uploads\/2026\/03\/42342343242-768x432.png 768w, https:\/\/sorterealenatotal.grupototal.far.br\/wp-content\/uploads\/2026\/03\/42342343242-1536x864.png 1536w, https:\/\/sorterealenatotal.grupototal.far.br\/wp-content\/uploads\/2026\/03\/42342343242.png 1920w\" sizes=\"(max-width: 800px) 100vw, 800px\" \/>\t\t\t\t\t\t\t\t\t\t\t\t\t\t\t<\/div>\n\t\t\t\t\t<\/div>\n\t\t\t\t<\/div>\n\t\t<div class=\"elementor-element elementor-element-a0b31e8 elementor-hidden-mobile e-flex e-con-boxed e-con e-parent\" data-id=\"a0b31e8\" data-element_type=\"container\" data-e-type=\"container\" data-settings=\"{&quot;position&quot;:&quot;absolute&quot;}\">\n\t\t\t\t\t<div class=\"e-con-inner\">\n\t\t\t\t<div class=\"elementor-element elementor-element-a883b47 elementor-widget__width-initial elementor-absolute elementor-widget elementor-widget-image\" data-id=\"a883b47\" data-element_type=\"widget\" data-e-type=\"widget\" data-settings=\"{&quot;_position&quot;:&quot;absolute&quot;,&quot;motion_fx_motion_fx_mouse&quot;:&quot;yes&quot;,&quot;motion_fx_mouseTrack_effect&quot;:&quot;yes&quot;,&quot;motion_fx_mouseTrack_speed&quot;:{&quot;unit&quot;:&quot;px&quot;,&quot;size&quot;:1,&quot;sizes&quot;:[]}}\" data-widget_type=\"image.default\">\n\t\t\t\t\t\t\t\t\t\t\t\t\t\t\t<img loading=\"lazy\" decoding=\"async\" width=\"800\" height=\"450\" src=\"https:\/\/sorterealenatotal.grupototal.far.br\/wp-content\/uploads\/2026\/03\/4354345433-1024x576.png\" class=\"attachment-large size-large wp-image-21\" alt=\"\" srcset=\"https:\/\/sorterealenatotal.grupototal.far.br\/wp-content\/uploads\/2026\/03\/4354345433-1024x576.png 1024w, https:\/\/sorterealenatotal.grupototal.far.br\/wp-content\/uploads\/2026\/03\/4354345433-300x169.png 300w, https:\/\/sorterealenatotal.grupototal.far.br\/wp-content\/uploads\/2026\/03\/4354345433-768x432.png 768w, https:\/\/sorterealenatotal.grupototal.far.br\/wp-content\/uploads\/2026\/03\/4354345433-1536x864.png 1536w, https:\/\/sorterealenatotal.grupototal.far.br\/wp-content\/uploads\/2026\/03\/4354345433.png 1920w\" sizes=\"(max-width: 800px) 100vw, 800px\" \/>\t\t\t\t\t\t\t\t\t\t\t\t\t\t\t<\/div>\n\t\t\t\t\t<\/div>\n\t\t\t\t<\/div>\n\t\t<div class=\"elementor-element elementor-element-3c6e026 elementor-hidden-mobile e-flex e-con-boxed e-con e-parent\" data-id=\"3c6e026\" data-element_type=\"container\" data-e-type=\"container\" data-settings=\"{&quot;position&quot;:&quot;absolute&quot;}\">\n\t\t\t\t\t<div class=\"e-con-inner\">\n\t\t\t\t<div class=\"elementor-element elementor-element-056e321 elementor-widget__width-initial elementor-absolute elementor-widget elementor-widget-image\" data-id=\"056e321\" data-element_type=\"widget\" data-e-type=\"widget\" data-settings=\"{&quot;_position&quot;:&quot;absolute&quot;}\" data-widget_type=\"image.default\">\n\t\t\t\t\t\t\t\t\t\t\t\t\t\t\t<img loading=\"lazy\" decoding=\"async\" width=\"800\" height=\"450\" src=\"https:\/\/sorterealenatotal.grupototal.far.br\/wp-content\/uploads\/2026\/03\/543526546734213132-1024x576.png\" class=\"attachment-large size-large wp-image-17\" alt=\"\" srcset=\"https:\/\/sorterealenatotal.grupototal.far.br\/wp-content\/uploads\/2026\/03\/543526546734213132-1024x576.png 1024w, https:\/\/sorterealenatotal.grupototal.far.br\/wp-content\/uploads\/2026\/03\/543526546734213132-300x169.png 300w, https:\/\/sorterealenatotal.grupototal.far.br\/wp-content\/uploads\/2026\/03\/543526546734213132-768x432.png 768w, https:\/\/sorterealenatotal.grupototal.far.br\/wp-content\/uploads\/2026\/03\/543526546734213132-1536x864.png 1536w, https:\/\/sorterealenatotal.grupototal.far.br\/wp-content\/uploads\/2026\/03\/543526546734213132.png 1920w\" sizes=\"(max-width: 800px) 100vw, 800px\" \/>\t\t\t\t\t\t\t\t\t\t\t\t\t\t\t<\/div>\n\t\t\t\t\t<\/div>\n\t\t\t\t<\/div>\n\t\t\t\t<\/div>\n\t\t","protected":false},"excerpt":{"rendered":"<p>PROMO\u00c7\u00c3O V\u00c1LIDA DE 01\/04\/2026 A 31\/05\/2026 PARA COMPRAS NO FIDELIDADE e conv\u00eanio farm\u00e1cia total. (EXCETO MEDICAMENTOS E PRODUTOS ALIMENT\u00cdCIOS VOLTADOS PARA LACTENTES E CRIAN\u00c7AS DE PRIMEIRA INF\u00c2NCIA). CONSULTE O REGULAMENTO COMPLETO NO SITE HTTPS:\/\/GRUPOTOTAL.FAR.BR. CERTIFICA O DE AUTORIZA\u00c7\u00c3O SPA\/ME N\u00ba 04.048406\/2026.<\/p>\n","protected":false},"author":1,"featured_media":0,"parent":0,"menu_order":0,"comment_status":"closed","ping_status":"closed","template":"","meta":{"footnotes":""},"class_list":["post-9","page","type-page","status-publish","hentry"],"_links":{"self":[{"href":"https:\/\/sorterealenatotal.grupototal.far.br\/index.php\/wp-json\/wp\/v2\/pages\/9","targetHints":{"allow":["GET"]}}],"collection":[{"href":"https:\/\/sorterealenatotal.grupototal.far.br\/index.php\/wp-json\/wp\/v2\/pages"}],"about":[{"href":"https:\/\/sorterealenatotal.grupototal.far.br\/index.php\/wp-json\/wp\/v2\/types\/page"}],"author":[{"embeddable":true,"href":"https:\/\/sorterealenatotal.grupototal.far.br\/index.php\/wp-json\/wp\/v2\/users\/1"}],"replies":[{"embeddable":true,"href":"https:\/\/sorterealenatotal.grupototal.far.br\/index.php\/wp-json\/wp\/v2\/comments?post=9"}],"version-history":[{"count":49,"href":"https:\/\/sorterealenatotal.grupototal.far.br\/index.php\/wp-json\/wp\/v2\/pages\/9\/revisions"}],"predecessor-version":[{"id":139,"href":"https:\/\/sorterealenatotal.grupototal.far.br\/index.php\/wp-json\/wp\/v2\/pages\/9\/revisions\/139"}],"wp:attachment":[{"href":"https:\/\/sorterealenatotal.grupototal.far.br\/index.php\/wp-json\/wp\/v2\/media?parent=9"}],"curies":[{"name":"wp","href":"https:\/\/api.w.org\/{rel}","templated":true}]}}